{"id":36226,"date":"2024-01-01T06:09:15","date_gmt":"2024-01-01T05:09:15","guid":{"rendered":"https:\/\/augenzentrum-vernissage.ch\/myopie\/"},"modified":"2025-05-29T19:11:13","modified_gmt":"2025-05-29T17:11:13","slug":"myopie","status":"publish","type":"page","link":"https:\/\/augenzentrum-vernissage.ch\/fr\/myopie\/","title":{"rendered":"Myopie infantile"},"content":{"rendered":"\t\t<div data-elementor-type=\"wp-page\" data-elementor-id=\"36226\" class=\"elementor elementor-36226 elementor-3490\" data-elementor-post-type=\"page\">\n\t\t\t\t\t\t<div class=\"elementor-section elementor-top-section elementor-element elementor-element-f4648d5 elementor-section-stretched elementor-section-boxed elementor-section-height-default elementor-section-height-default\" data-id=\"f4648d5\" data-element_type=\"section\" data-e-type=\"section\" data-settings=\"{&quot;stretch_section&quot;:&quot;section-stretched&quot;}\">\n\t\t\t\t\t\t<div class=\"elementor-container elementor-column-gap-default\">\n\t\t\t\t\t<div class=\"elementor-column elementor-col-33 elementor-top-column elementor-element elementor-element-630fbc3\" data-id=\"630fbc3\" data-element_type=\"column\" data-e-type=\"column\">\n\t\t\t<div class=\"elementor-widget-wrap elementor-element-populated\">\n\t\t\t\t\t\t<div class=\"elementor-element elementor-element-dd13669 elementor-widget elementor-widget-sidebar\" data-id=\"dd13669\" data-element_type=\"widget\" data-e-type=\"widget\" data-widget_type=\"sidebar.default\">\n\t\t\t\t<div class=\"elementor-widget-container\">\n\t\t\t\t\t<div class=\"widget widget-port\"><div class=\"menu-service-menu-franzosisch-container\"><ul id=\"menu-service-menu-franzosisch\" class=\"menu\"><li id=\"menu-item-36040\" class=\"menu-item menu-item-type-post_type menu-item-object-page menu-item-36040\"><a href=\"https:\/\/augenzentrum-vernissage.ch\/fr\/katarakt-grauer-star\/\">Cataracte<\/a><\/li>\n<li id=\"menu-item-38361\" class=\"menu-item menu-item-type-post_type menu-item-object-page menu-item-38361\"><a href=\"https:\/\/augenzentrum-vernissage.ch\/fr\/qmr-therapie-yeux-secs\/\">Th\u00e9rapie QMR (yeux secs)<\/a><\/li>\n<li id=\"menu-item-37274\" class=\"menu-item menu-item-type-post_type menu-item-object-page menu-item-37274\"><a href=\"https:\/\/augenzentrum-vernissage.ch\/fr\/ipl-therapie-oeil-sec\/\">Th\u00e9rapie IPL (l\u2019\u0153il sec)<\/a><\/li>\n<li id=\"menu-item-36235\" class=\"menu-item menu-item-type-post_type menu-item-object-page menu-item-36235\"><a href=\"https:\/\/augenzentrum-vernissage.ch\/fr\/laser-oculaire-correction-visuelle-chirurgie-refractive\/\">Laser pour les yeux (correction de la vue)<\/a><\/li>\n<li id=\"menu-item-36238\" class=\"menu-item menu-item-type-post_type menu-item-object-page menu-item-36238\"><a href=\"https:\/\/augenzentrum-vernissage.ch\/fr\/crosslinking-keratocone\/\">Crosslinking (k\u00e9ratoc\u00f4ne)<\/a><\/li>\n<li id=\"menu-item-36237\" class=\"menu-item menu-item-type-post_type menu-item-object-page menu-item-36237\"><a href=\"https:\/\/augenzentrum-vernissage.ch\/fr\/ivt-therapie\/\">Th\u00e9rapie intravitr\u00e9enne (macula)<\/a><\/li>\n<li id=\"menu-item-36236\" class=\"menu-item menu-item-type-post_type menu-item-object-page menu-item-36236\"><a href=\"https:\/\/augenzentrum-vernissage.ch\/fr\/chirurgie-des-paupieres\/\">Consultation des paupi\u00e8res + chirurgie<\/a><\/li>\n<li id=\"menu-item-36240\" class=\"menu-item menu-item-type-post_type menu-item-object-page menu-item-36240\"><a href=\"https:\/\/augenzentrum-vernissage.ch\/fr\/myopie\/\">Myopie infantile<\/a><\/li>\n<li id=\"menu-item-36239\" class=\"menu-item menu-item-type-post_type menu-item-object-page menu-item-36239\"><a href=\"https:\/\/augenzentrum-vernissage.ch\/fr\/glaucome\/\">Glaucome<\/a><\/li>\n<\/ul><\/div><\/div>\t\t\t\t<\/div>\n\t\t\t\t<\/div>\n\t\t\t\t\t<\/div>\n\t\t<\/div>\n\t\t\t\t<div class=\"elementor-column elementor-col-66 elementor-top-column elementor-element elementor-element-299e852\" data-id=\"299e852\" data-element_type=\"column\" data-e-type=\"column\">\n\t\t\t<div class=\"elementor-widget-wrap elementor-element-populated\">\n\t\t\t\t\t\t<div class=\"elementor-element elementor-element-c16d686 elementor-widget elementor-widget-image\" data-id=\"c16d686\" data-element_type=\"widget\" data-e-type=\"widget\" data-widget_type=\"image.default\">\n\t\t\t\t<div class=\"elementor-widget-container\">\n\t\t\t\t\t\t\t\t\t\t\t\t\t\t\t<img fetchpriority=\"high\" decoding=\"async\" width=\"1500\" height=\"998\" src=\"https:\/\/augenzentrum-vernissage.ch\/wp-content\/uploads\/2021\/12\/mm4-e1741875846674.jpg\" class=\"attachment-full size-full wp-image-34811\" alt=\"\" \/>\t\t\t\t\t\t\t\t\t\t\t\t\t\t\t<\/div>\n\t\t\t\t<\/div>\n\t\t\t\t<div class=\"elementor-element elementor-element-d784867 elementor-widget elementor-widget-heading\" data-id=\"d784867\" data-element_type=\"widget\" data-e-type=\"widget\" data-widget_type=\"heading.default\">\n\t\t\t\t<div class=\"elementor-widget-container\">\n\t\t\t\t\t<h1 class=\"elementor-heading-title elementor-size-default\">Myopie infantile : d\u00e9tecter et traiter pr\u00e9cocement les enfants qui deviennent myopes<\/h1>\t\t\t\t<\/div>\n\t\t\t\t<\/div>\n\t\t\t\t<div class=\"elementor-element elementor-element-2b028e7 elementor-widget elementor-widget-text-editor\" data-id=\"2b028e7\" data-element_type=\"widget\" data-e-type=\"widget\" data-widget_type=\"text-editor.default\">\n\t\t\t\t<div class=\"elementor-widget-container\">\n\t\t\t\t\t\t\t\t\t<p>Les enfants doivent pouvoir bien voir. Au <strong>centre ophtalmologique Vernissage<\/strong> \u00e0 <strong>Biel\/Bienne<\/strong>, nous aidons, en tant qu&#8217;<strong>ophtalmologues<\/strong>, les enfants atteints de myopie. Nous pouvons d\u00e9terminer si un enfant devient myope. Gr\u00e2ce \u00e0 des m\u00e9thodes modernes, nous pouvons ralentir ou m\u00eame stopper la myopie.   <\/p>\n\n<h2>Qu&#8217;est-ce que la myopie infantile ?<\/h2>\n<p>Dans la myopie infantile, l&#8217;\u0153il grandit trop longtemps. L&#8217;enfant voit donc les choses de loin de mani\u00e8re floue. La lumi\u00e8re n&#8217;atteint pas exactement la r\u00e9tine de l&#8217;\u0153il. Chez les enfants myopes, l&#8217;\u0153il s&#8217;allonge plus rapidement que la normale. Cela peut entra\u00eener plus tard des valeurs \u00e9lev\u00e9es pour les lunettes. Cela peut \u00e9galement causer d&#8217;autres probl\u00e8mes oculaires.     <\/p>\n\n<h2>Cons\u00e9quences de la myopie infantile si elle n&#8217;est pas trait\u00e9e<\/h2>\n<p>Sans traitement, la myopie infantile peut causer ces probl\u00e8mes :<\/p>\n<ul>\n\t<li><strong>Probl\u00e8mes au niveau de la r\u00e9tine :<\/strong> La r\u00e9tine peut se d\u00e9chirer parce que l&#8217;\u0153il est trop long.<\/li>\n\t<li><strong><a href=\"https:\/\/augenzentrum-vernissage.ch\/gruner-star-glaukom\/\" title=\"Glaucome\">le glaucome :<\/a><\/strong> Le nerf optique peut \u00eatre endommag\u00e9. Le champ de vision peut \u00eatre r\u00e9duit. <\/li>\n\t<li><strong>Probl\u00e8mes de macula :<\/strong> la partie de l&#8217;\u0153il qui nous permet de voir clairement peut \u00eatre malade.<\/li>\n<\/ul>\n\n<h2>Quand y a-t-il un risque de myopie infantile ?<\/h2>\n<p>Ces \u00e9l\u00e9ments peuvent favoriser la myopie infantile :<\/p>\n<ul>\n\t<li><strong>Famille :<\/strong> si les parents ou les fr\u00e8res et s\u0153urs sont myopes, l&#8217;enfant peut l&#8217;\u00eatre aussi.<\/li>\n\t<li><strong>Voir beaucoup de pr\u00e8s :<\/strong> Trop de lecture, d&#8217;utilisation de smartphones ou de tablettes peuvent favoriser la myopie.<\/li>\n\t<li><strong>Peu de sorties :<\/strong> les enfants qui sortent peu sont plus susceptibles d&#8217;\u00eatre myopes.<\/li>\n<\/ul>\t\t\t\t\t\t\t\t<\/div>\n\t\t\t\t<\/div>\n\t\t\t\t<div class=\"elementor-section elementor-inner-section elementor-element elementor-element-d98d643 elementor-section-boxed elementor-section-height-default elementor-section-height-default\" data-id=\"d98d643\" data-element_type=\"section\" data-e-type=\"section\">\n\t\t\t\t\t\t<div class=\"elementor-container elementor-column-gap-default\">\n\t\t\t\t\t<div class=\"elementor-column elementor-col-50 elementor-inner-column elementor-element elementor-element-d550c8e\" data-id=\"d550c8e\" data-element_type=\"column\" data-e-type=\"column\">\n\t\t\t<div class=\"elementor-widget-wrap elementor-element-populated\">\n\t\t\t\t\t\t<div class=\"elementor-element elementor-element-94e61d3 elementor-widget elementor-widget-image\" data-id=\"94e61d3\" data-element_type=\"widget\" data-e-type=\"widget\" data-widget_type=\"image.default\">\n\t\t\t\t<div class=\"elementor-widget-container\">\n\t\t\t\t\t\t\t\t\t\t\t\t\t\t\t<img decoding=\"async\" width=\"1500\" height=\"998\" src=\"https:\/\/augenzentrum-vernissage.ch\/wp-content\/uploads\/2021\/12\/mm3-e1741875813148.jpg\" class=\"attachment-full size-full wp-image-34810\" alt=\"\" \/>\t\t\t\t\t\t\t\t\t\t\t\t\t\t\t<\/div>\n\t\t\t\t<\/div>\n\t\t\t\t\t<\/div>\n\t\t<\/div>\n\t\t\t\t<div class=\"elementor-column elementor-col-50 elementor-inner-column elementor-element elementor-element-8666e98\" data-id=\"8666e98\" data-element_type=\"column\" data-e-type=\"column\">\n\t\t\t<div class=\"elementor-widget-wrap elementor-element-populated\">\n\t\t\t\t\t\t<div class=\"elementor-element elementor-element-2cc13c7 elementor-widget elementor-widget-image\" data-id=\"2cc13c7\" data-element_type=\"widget\" data-e-type=\"widget\" data-widget_type=\"image.default\">\n\t\t\t\t<div class=\"elementor-widget-container\">\n\t\t\t\t\t\t\t\t\t\t\t\t\t\t\t<img decoding=\"async\" width=\"1000\" height=\"667\" src=\"https:\/\/augenzentrum-vernissage.ch\/wp-content\/uploads\/2021\/12\/mm2-e1741875763454.jpg\" class=\"attachment-full size-full wp-image-34809\" alt=\"\" \/>\t\t\t\t\t\t\t\t\t\t\t\t\t\t\t<\/div>\n\t\t\t\t<\/div>\n\t\t\t\t\t<\/div>\n\t\t<\/div>\n\t\t\t\t\t<\/div>\n\t\t<\/div>\n\t\t\t\t<div class=\"elementor-section elementor-inner-section elementor-element elementor-element-c33810d elementor-section-boxed elementor-section-height-default elementor-section-height-default\" data-id=\"c33810d\" data-element_type=\"section\" data-e-type=\"section\">\n\t\t\t\t\t\t<div class=\"elementor-container elementor-column-gap-default\">\n\t\t\t\t\t<div class=\"elementor-column elementor-col-100 elementor-inner-column elementor-element elementor-element-c05946b\" data-id=\"c05946b\" data-element_type=\"column\" data-e-type=\"column\">\n\t\t\t<div class=\"elementor-widget-wrap elementor-element-populated\">\n\t\t\t\t\t\t<div class=\"elementor-element elementor-element-a6a0d12 elementor-widget elementor-widget-heading\" data-id=\"a6a0d12\" data-element_type=\"widget\" data-e-type=\"widget\" data-widget_type=\"heading.default\">\n\t\t\t\t<div class=\"elementor-widget-container\">\n\t\t\t\t\t<h2 class=\"elementor-heading-title elementor-size-default\">Comment nous pouvons aider au Centre de l'\u0153il Vernissage Bienne<\/h2>\t\t\t\t<\/div>\n\t\t\t\t<\/div>\n\t\t\t\t<div class=\"elementor-element elementor-element-23c4231 elementor-widget elementor-widget-text-editor\" data-id=\"23c4231\" data-element_type=\"widget\" data-e-type=\"widget\" data-widget_type=\"text-editor.default\">\n\t\t\t\t<div class=\"elementor-widget-container\">\n\t\t\t\t\t\t\t\t\t<p>En tant que <strong>clinique ophtalmologique de<\/strong> premier plan <strong>\u00e0 Bienne<\/strong>, nous proposons ces traitements :<\/p>\n<ul>\n\t<li><strong>Des lunettes sp\u00e9ciales :<\/strong> Des lunettes qui peuvent freiner la croissance des yeux<\/li>\n\t<li><strong>Lentilles de nuit :<\/strong> lentilles de contact sp\u00e9ciales \u00e0 porter la nuit pour une meilleure vision le jour<\/li>\n\t<li><strong>Gouttes pour les yeux :<\/strong> gouttes sp\u00e9ciales qui peuvent freiner la croissance des yeux<\/li>\n<\/ul>\n\n<h2>Pourquoi une aide pr\u00e9coce est importante<\/h2>\n<p>Si nous aidons t\u00f4t, il y a ces avantages :<\/p>\n<ul>\n\t<li>Des lunettes moins puissantes plus tard<\/li>\n\t<li>Moins de risque de d\u00e9velopper d&#8217;autres probl\u00e8mes oculaires<\/li>\n\t<li>Une meilleure vie gr\u00e2ce \u00e0 une bonne vision<\/li>\n<\/ul>\n\n<h3>Prenez rendez-vous pour votre enfant maintenant<\/h3>\n<p><strong>Prenez <a href=\"https:\/\/www.onedoc.ch\/de\/widget\/34456e39c63a849a092e9c4c6cc6589edc8c467a2c64561a1fdeaf1cfc5913d2\" title=\"R\u00e9server un rendez-vous\">rendez-vous d\u00e8s aujourd&#8217;hui au Centre de l&#8217;\u0153il Vernissage<\/a> pour un examen pr\u00e9cis.<\/strong> Gr\u00e2ce \u00e0 notre exp\u00e9rience en mati\u00e8re de <strong>traitements ophtalmologiques<\/strong>, nous veillerons \u00e0 ce que votre enfant puisse voir clairement le monde.<\/p>\t\t\t\t\t\t\t\t<\/div>\n\t\t\t\t<\/div>\n\t\t\t\t<div class=\"elementor-element elementor-element-141ab36 elementor-widget elementor-widget-Accordion\" data-id=\"141ab36\" data-element_type=\"widget\" data-e-type=\"widget\" data-widget_type=\"Accordion.default\">\n\t\t\t\t<div class=\"elementor-widget-container\">\n\t\t\t\t\t    \r\n<div class=\"pt-accordion-block \" >\r\n        \r\n    <div class=\"pt-accordion-box pt-active  1\">\r\n      <div class=\"pt-ad-title\">\r\n       \r\n        <h4 class=\"ad-title-text\">         \r\n          Pourquoi la gestion de la myopie est-elle importante pour les enfants?  \r\n\r\n           \r\n        \r\n       <\/h4>\r\n\r\n      <\/div>\r\n  \r\n      <div class=\"pt-accordion-details\">\r\n        \r\n         <p class=\"pt-detail-text\"> Myopie progressive (myopie) : Plus la myopie est \u00e9lev\u00e9e, plus le risque de complications telles que le d\u00e9collement de la r\u00e9tine ou le glaucome \u00e0 l&#8217;\u00e2ge adulte est important.\n\nD\u00e9tection et intervention pr\u00e9coces : Plus t\u00f4t nous d\u00e9tectons la myopie et prenons des mesures correctives, plus nous sommes efficaces pour ralentir, voire stopper sa progression.\n\nD\u00e9veloppement oculaire sain : Une croissance oculaire saine contribue \u00e0 la stabilit\u00e9 et \u00e0 la r\u00e9sistance de l&#8217;ensemble de l&#8217;organe visuel.\n\nMeilleure qualit\u00e9 de vie : Une bonne vision est essentielle au d\u00e9veloppement et au bien-\u00eatre des enfants. <\/p>\r\n       \r\n      <\/div>\r\n    <\/div>\r\n         \r\n    <div class=\"pt-accordion-box   2\">\r\n      <div class=\"pt-ad-title\">\r\n       \r\n        <h4 class=\"ad-title-text\">         \r\n          A partir de quel \u00e2ge les enfants doivent-ils \u00eatre examin\u00e9s pour la gestion de la myopie?  \r\n\r\n           \r\n        \r\n       <\/h4>\r\n\r\n      <\/div>\r\n  \r\n      <div class=\"pt-accordion-details\">\r\n        \r\n         <p class=\"pt-detail-text\"> Nous recommandons des examens de d\u00e9pistage r\u00e9guliers \u00e0 partir de l&#8217;\u00e2ge de l&#8217;\u00e9cole primaire, car c&#8217;est souvent \u00e0 cette p\u00e9riode que la myopie commence \u00e0 appara\u00eetre. Pour les familles ayant des ant\u00e9c\u00e9dents, il peut \u00e9galement \u00eatre utile de commencer plus t\u00f4t.\n\nQuels sont les facteurs de risque d&#8217;une forte myopie chez les enfants?\n\nPr\u00e9dispositions g\u00e9n\u00e9tiques : des parents ou des fr\u00e8res et s\u0153urs atteints de myopie forte augmentent le risque.\nTravail de pr\u00e8s : l&#8217;utilisation intensive d&#8217;appareils num\u00e9riques peut influencer la croissance du globe oculaire.\nManque de temps \u00e0 l&#8217;ext\u00e9rieur : des \u00e9tudes montrent un lien entre le fait de passer peu de temps \u00e0 l&#8217;ext\u00e9rieur et un risque accru de myopie. <\/p>\r\n       \r\n      <\/div>\r\n    <\/div>\r\n         \r\n    <div class=\"pt-accordion-box   3\">\r\n      <div class=\"pt-ad-title\">\r\n       \r\n        <h4 class=\"ad-title-text\">         \r\n          Quelles sont les options de gestion de la myopie propos\u00e9es par l&#039;Augenzentrum Vernissage?  \r\n\r\n           \r\n        \r\n       <\/h4>\r\n\r\n      <\/div>\r\n  \r\n      <div class=\"pt-accordion-details\">\r\n        \r\n         <p class=\"pt-detail-text\"> Des lunettes sp\u00e9ciales : Les verres de lunettes qui contr\u00f4lent la myopie peuvent freiner la croissance du globe oculaire.\nLentilles de contact d&#8217;orthok\u00e9ratologie : des lentilles nocturnes sp\u00e9cialement adapt\u00e9es remod\u00e8lent la corn\u00e9e pendant la nuit, ce qui permet de voir nettement sans aide visuelle pendant la journ\u00e9e.\nCollyre d&#8217;atropine : des m\u00e9dicaments qui peuvent dilater la pupille et freiner la croissance de la longueur de l&#8217;\u0153il. <\/p>\r\n       \r\n      <\/div>\r\n    <\/div>\r\n         \r\n    <div class=\"pt-accordion-box   4\">\r\n      <div class=\"pt-ad-title\">\r\n       \r\n        <h4 class=\"ad-title-text\">         \r\n          Quel est le degr\u00e9 de r\u00e9ussite de la gestion de la myopie?  \r\n\r\n           \r\n        \r\n       <\/h4>\r\n\r\n      <\/div>\r\n  \r\n      <div class=\"pt-accordion-details\">\r\n        \r\n         <p class=\"pt-detail-text\"> Des \u00e9tudes montrent que la progression de la myopie peut \u00eatre consid\u00e9rablement ralentie par la gestion de la myopie. Dans certains cas, la myopie peut m\u00eame \u00eatre stabilis\u00e9e. <\/p>\r\n       \r\n      <\/div>\r\n    <\/div>\r\n         \r\n    <div class=\"pt-accordion-box   5\">\r\n      <div class=\"pt-ad-title\">\r\n       \r\n        <h4 class=\"ad-title-text\">         \r\n          La gestion de la myopie est-elle prise en charge par l&#039;assurance maladie?  \r\n\r\n           \r\n        \r\n       <\/h4>\r\n\r\n      <\/div>\r\n  \r\n      <div class=\"pt-accordion-details\">\r\n        \r\n         <p class=\"pt-detail-text\"> Les co\u00fbts sont g\u00e9n\u00e9ralement pris en charge par les caisses d&#8217;assurance maladie. <\/p>\r\n       \r\n      <\/div>\r\n    <\/div>\r\n         \r\n    <div class=\"pt-accordion-box   6\">\r\n      <div class=\"pt-ad-title\">\r\n       \r\n        <h4 class=\"ad-title-text\">         \r\n          Vous avez d&#039;autres questions sur la gestion de la myopie chez les enfants?  \r\n\r\n           \r\n        \r\n       <\/h4>\r\n\r\n      <\/div>\r\n  \r\n      <div class=\"pt-accordion-details\">\r\n        \r\n         <p class=\"pt-detail-text\"> N&#8217;h\u00e9sitez pas \u00e0 nous contacter ou \u00e0 prendre rendez-vous au Centre de l&#8217;\u0153il Vernissage. Ensemble, nous pouvons prot\u00e9ger la sant\u00e9 visuelle de votre enfant et assurer son avenir avec une bonne vision. <\/p>\r\n       \r\n      <\/div>\r\n    <\/div>\r\n       \r\n  <\/div>\r\n          \t<script type=\"text\/javascript\">\r\n        \t\t \/*------------------------\r\n                Accordion\r\n                --------------------------*\/\r\n                jQuery('.pt-accordion-block .pt-accordion-box .pt-accordion-details').hide();\r\n                jQuery('.pt-accordion-block .pt-accordion-box:first').addClass('pt-active').children().slideDown('slow');\r\n                jQuery('.pt-accordion-block .pt-accordion-box').on(\"click\", function() {\r\n                    if (jQuery(this).children('div.pt-accordion-details').is(':hidden')) {\r\n                        jQuery('.pt-accordion-block .pt-accordion-box').removeClass('pt-active').children('div.pt-accordion-details').slideUp('slow');\r\n                        jQuery(this).toggleClass('pt-active').children('div.pt-accordion-details').slideDown('slow');\r\n                    }\r\n                });\r\n\r\n\r\n\r\n        \t<\/script>\r\n        \t\t\t\t<\/div>\n\t\t\t\t<\/div>\n\t\t\t\t\t<\/div>\n\t\t<\/div>\n\t\t\t\t\t<\/div>\n\t\t<\/div>\n\t\t\t\t<div class=\"elementor-section elementor-inner-section elementor-element elementor-element-36880bc elementor-section-boxed elementor-section-height-default elementor-section-height-default\" data-id=\"36880bc\" data-element_type=\"section\" data-e-type=\"section\">\n\t\t\t\t\t\t<div class=\"elementor-container elementor-column-gap-default\">\n\t\t\t\t\t<div class=\"elementor-column elementor-col-100 elementor-inner-column elementor-element elementor-element-a666f71\" data-id=\"a666f71\" data-element_type=\"column\" data-e-type=\"column\">\n\t\t\t<div class=\"elementor-widget-wrap elementor-element-populated\">\n\t\t\t\t\t\t<div class=\"elementor-element elementor-element-47313b1 elementor-widget elementor-widget-html\" data-id=\"47313b1\" data-element_type=\"widget\" data-e-type=\"widget\" data-widget_type=\"html.default\">\n\t\t\t\t<div class=\"elementor-widget-container\">\n\t\t\t\t\t<div class=\"myWrapper\" style=\"position: relative; padding-bottom: 56.25%; height: 0;\"><iframe frameborder=\"0\" type=\"text\/html\" src=\"https:\/\/3358-2922.captiv8connect.com\/animations\/embed\/one\/myo-early?site_company_language=56&amp;autostart=false\" width=\"100%\" height=\"100%\" style=\"position:absolute;top:0;left:0;width:100%;height:100%;\"><\/iframe><\/div>\t\t\t\t<\/div>\n\t\t\t\t<\/div>\n\t\t\t\t\t<\/div>\n\t\t<\/div>\n\t\t\t\t\t<\/div>\n\t\t<\/div>\n\t\t\t\t\t<\/div>\n\t\t<\/div>\n\t\t\t\t\t<\/div>\n\t\t<\/div>\n\t\t\t\t<div class=\"elementor-section elementor-top-section elementor-element elementor-element-6fdd6eb elementor-section-stretched elementor-section-boxed elementor-section-height-default elementor-section-height-default\" data-id=\"6fdd6eb\" data-element_type=\"section\" data-e-type=\"section\" data-settings=\"{&quot;stretch_section&quot;:&quot;section-stretched&quot;,&quot;background_background&quot;:&quot;classic&quot;}\">\n\t\t\t\t\t\t<div class=\"elementor-container elementor-column-gap-default\">\n\t\t\t\t\t<div class=\"elementor-column elementor-col-100 elementor-top-column elementor-element elementor-element-58a1e66\" data-id=\"58a1e66\" data-element_type=\"column\" data-e-type=\"column\">\n\t\t\t<div class=\"elementor-widget-wrap elementor-element-populated\">\n\t\t\t\t\t\t<div class=\"elementor-section elementor-inner-section elementor-element elementor-element-314fa40 elementor-section-boxed elementor-section-height-default elementor-section-height-default\" data-id=\"314fa40\" data-element_type=\"section\" data-e-type=\"section\">\n\t\t\t\t\t\t<div class=\"elementor-container elementor-column-gap-default\">\n\t\t\t\t\t<div class=\"elementor-column elementor-col-100 elementor-inner-column elementor-element elementor-element-3da28ea\" data-id=\"3da28ea\" data-element_type=\"column\" data-e-type=\"column\">\n\t\t\t<div class=\"elementor-widget-wrap elementor-element-populated\">\n\t\t\t\t\t\t<div class=\"elementor-element elementor-element-8fcb850 elementor-widget elementor-widget-section-title\" data-id=\"8fcb850\" data-element_type=\"widget\" data-e-type=\"widget\" data-widget_type=\"section-title.default\">\n\t\t\t\t<div class=\"elementor-widget-container\">\n\t\t\t\t\t<div class=\"pt-section pt-style-1 text-center\">\n\t\t\n   \t\t   \t\t\t   <h3 class=\"pt-section-title\" >Contactez-nous d\u00e8s maintenant. Choisissez votre date<\/h3>\n\t\t\t\n<\/div>\t\t\t\t<\/div>\n\t\t\t\t<\/div>\n\t\t\t\t\t<\/div>\n\t\t<\/div>\n\t\t\t\t\t<\/div>\n\t\t<\/div>\n\t\t\t\t<div class=\"elementor-section elementor-inner-section elementor-element elementor-element-7f6e1d9 elementor-section-boxed elementor-section-height-default elementor-section-height-default\" data-id=\"7f6e1d9\" data-element_type=\"section\" data-e-type=\"section\" data-settings=\"{&quot;background_background&quot;:&quot;classic&quot;}\">\n\t\t\t\t\t\t<div class=\"elementor-container elementor-column-gap-default\">\n\t\t\t\t\t<div class=\"elementor-column elementor-col-100 elementor-inner-column elementor-element elementor-element-10d3b1c\" data-id=\"10d3b1c\" data-element_type=\"column\" data-e-type=\"column\">\n\t\t\t<div class=\"elementor-widget-wrap elementor-element-populated\">\n\t\t\t\t\t\t<div class=\"elementor-element elementor-element-a9de538 elementor-button-success elementor-align-center elementor-widget elementor-widget-button\" data-id=\"a9de538\" data-element_type=\"widget\" data-e-type=\"widget\" data-widget_type=\"button.default\">\n\t\t\t\t<div class=\"elementor-widget-container\">\n\t\t\t\t\t\t\t\t\t<div class=\"elementor-button-wrapper\">\n\t\t\t\t\t<a class=\"elementor-button elementor-button-link elementor-size-xl\" href=\"https:\/\/augenzentrum-vernissage.ch\/fr\/reserver-un-rendez-vous\/\">\n\t\t\t\t\t\t<span class=\"elementor-button-content-wrapper\">\n\t\t\t\t\t\t<span class=\"elementor-button-icon\">\n\t\t\t\t<svg aria-hidden=\"true\" class=\"e-font-icon-svg e-far-calendar-alt\" viewBox=\"0 0 448 512\" xmlns=\"http:\/\/www.w3.org\/2000\/svg\"><path d=\"M148 288h-40c-6.6 0-12-5.4-12-12v-40c0-6.6 5.4-12 12-12h40c6.6 0 12 5.4 12 12v40c0 6.6-5.4 12-12 12zm108-12v-40c0-6.6-5.4-12-12-12h-40c-6.6 0-12 5.4-12 12v40c0 6.6 5.4 12 12 12h40c6.6 0 12-5.4 12-12zm96 0v-40c0-6.6-5.4-12-12-12h-40c-6.6 0-12 5.4-12 12v40c0 6.6 5.4 12 12 12h40c6.6 0 12-5.4 12-12zm-96 96v-40c0-6.6-5.4-12-12-12h-40c-6.6 0-12 5.4-12 12v40c0 6.6 5.4 12 12 12h40c6.6 0 12-5.4 12-12zm-96 0v-40c0-6.6-5.4-12-12-12h-40c-6.6 0-12 5.4-12 12v40c0 6.6 5.4 12 12 12h40c6.6 0 12-5.4 12-12zm192 0v-40c0-6.6-5.4-12-12-12h-40c-6.6 0-12 5.4-12 12v40c0 6.6 5.4 12 12 12h40c6.6 0 12-5.4 12-12zm96-260v352c0 26.5-21.5 48-48 48H48c-26.5 0-48-21.5-48-48V112c0-26.5 21.5-48 48-48h48V12c0-6.6 5.4-12 12-12h40c6.6 0 12 5.4 12 12v52h128V12c0-6.6 5.4-12 12-12h40c6.6 0 12 5.4 12 12v52h48c26.5 0 48 21.5 48 48zm-48 346V160H48v298c0 3.3 2.7 6 6 6h340c3.3 0 6-2.7 6-6z\"><\/path><\/svg>\t\t\t<\/span>\n\t\t\t\t\t\t\t\t\t<span class=\"elementor-button-text\">R\u00c9SERVER UN RENDEZ-VOUS EN LIGNE<\/span>\n\t\t\t\t\t<\/span>\n\t\t\t\t\t<\/a>\n\t\t\t\t<\/div>\n\t\t\t\t\t\t\t\t<\/div>\n\t\t\t\t<\/div>\n\t\t\t\t\t<\/div>\n\t\t<\/div>\n\t\t\t\t\t<\/div>\n\t\t<\/div>\n\t\t\t\t\t<\/div>\n\t\t<\/div>\n\t\t\t\t\t<\/div>\n\t\t<\/div>\n\t\t\t\t<\/div>\n\t\t","protected":false},"excerpt":{"rendered":"<p>Myopie infantile : d\u00e9tecter et traiter pr\u00e9cocement les enfants qui deviennent myopes Les enfants doivent pouvoir bien voir. Au centre ophtalmologique Vernissage \u00e0 Biel\/Bienne, nous aidons, en tant qu&#8217;ophtalmologues, les enfants atteints de myopie. Nous pouvons d\u00e9terminer si un enfant devient myope. Gr\u00e2ce \u00e0 des m\u00e9thodes modernes, nous pouvons ralentir ou m\u00eame stopper la myopie. [&hellip;]<\/p>\n","protected":false},"author":1,"featured_media":0,"parent":0,"menu_order":35,"comment_status":"closed","ping_status":"closed","template":"","meta":{"_acf_changed":false,"_monsterinsights_skip_tracking":false,"_monsterinsights_sitenote_active":false,"_monsterinsights_sitenote_note":"","_monsterinsights_sitenote_category":0,"footnotes":""},"class_list":["post-36226","page","type-page","status-publish","hentry"],"acf":[],"aioseo_notices":[],"_links":{"self":[{"href":"https:\/\/augenzentrum-vernissage.ch\/fr\/wp-json\/wp\/v2\/pages\/36226","targetHints":{"allow":["GET"]}}],"collection":[{"href":"https:\/\/augenzentrum-vernissage.ch\/fr\/wp-json\/wp\/v2\/pages"}],"about":[{"href":"https:\/\/augenzentrum-vernissage.ch\/fr\/wp-json\/wp\/v2\/types\/page"}],"author":[{"embeddable":true,"href":"https:\/\/augenzentrum-vernissage.ch\/fr\/wp-json\/wp\/v2\/users\/1"}],"replies":[{"embeddable":true,"href":"https:\/\/augenzentrum-vernissage.ch\/fr\/wp-json\/wp\/v2\/comments?post=36226"}],"version-history":[{"count":2,"href":"https:\/\/augenzentrum-vernissage.ch\/fr\/wp-json\/wp\/v2\/pages\/36226\/revisions"}],"predecessor-version":[{"id":38248,"href":"https:\/\/augenzentrum-vernissage.ch\/fr\/wp-json\/wp\/v2\/pages\/36226\/revisions\/38248"}],"wp:attachment":[{"href":"https:\/\/augenzentrum-vernissage.ch\/fr\/wp-json\/wp\/v2\/media?parent=36226"}],"curies":[{"name":"wp","href":"https:\/\/api.w.org\/{rel}","templated":true}]}}