{"id":36241,"date":"2024-01-06T09:29:01","date_gmt":"2024-01-06T08:29:01","guid":{"rendered":"https:\/\/augenzentrum-vernissage.ch\/heures-de-consultation\/"},"modified":"2025-05-29T19:11:13","modified_gmt":"2025-05-29T17:11:13","slug":"heures-de-consultation","status":"publish","type":"page","link":"https:\/\/augenzentrum-vernissage.ch\/fr\/heures-de-consultation\/","title":{"rendered":"Heures de consultation"},"content":{"rendered":"\t\t<div data-elementor-type=\"wp-page\" data-elementor-id=\"36241\" class=\"elementor elementor-36241 elementor-3084\" data-elementor-post-type=\"page\">\n\t\t\t\t\t\t<div class=\"elementor-section elementor-top-section elementor-element elementor-element-58ed5b1 elementor-section-full_width elementor-section-stretched elementor-section-height-default elementor-section-height-default\" data-id=\"58ed5b1\" data-element_type=\"section\" data-e-type=\"section\" data-settings=\"{&quot;stretch_section&quot;:&quot;section-stretched&quot;}\">\n\t\t\t\t\t\t<div class=\"elementor-container elementor-column-gap-default\">\n\t\t\t\t\t<div class=\"elementor-column elementor-col-100 elementor-top-column elementor-element elementor-element-15669bc\" data-id=\"15669bc\" data-element_type=\"column\" data-e-type=\"column\">\n\t\t\t<div class=\"elementor-widget-wrap elementor-element-populated\">\n\t\t\t\t\t\t<div class=\"elementor-section elementor-inner-section elementor-element elementor-element-94b5ebb elementor-section-full_width elementor-section-height-default elementor-section-height-default\" data-id=\"94b5ebb\" data-element_type=\"section\" data-e-type=\"section\">\n\t\t\t\t\t\t<div class=\"elementor-container elementor-column-gap-default\">\n\t\t\t\t\t<div class=\"elementor-column elementor-col-100 elementor-inner-column elementor-element elementor-element-2759134\" data-id=\"2759134\" data-element_type=\"column\" data-e-type=\"column\">\n\t\t\t<div class=\"elementor-widget-wrap elementor-element-populated\">\n\t\t\t\t\t\t<div class=\"elementor-element elementor-element-2fe3dad elementor-widget elementor-widget-heading\" data-id=\"2fe3dad\" data-element_type=\"widget\" data-e-type=\"widget\" data-widget_type=\"heading.default\">\n\t\t\t\t<div class=\"elementor-widget-container\">\n\t\t\t\t\t<h1 class=\"elementor-heading-title elementor-size-default\">Heures de consultation<\/h1>\t\t\t\t<\/div>\n\t\t\t\t<\/div>\n\t\t\t\t<div class=\"elementor-element elementor-element-d8c4ae0 elementor-widget elementor-widget-text-editor\" data-id=\"d8c4ae0\" data-element_type=\"widget\" data-e-type=\"widget\" data-widget_type=\"text-editor.default\">\n\t\t\t\t<div class=\"elementor-widget-container\">\n\t\t\t\t\t\t\t\t\tD\u00e9couvrez les consultations et les m\u00e9thodes de traitement de la Clinique ophtalmologique de Bienne\t\t\t\t\t\t\t\t<\/div>\n\t\t\t\t<\/div>\n\t\t\t\t<div class=\"elementor-element elementor-element-3267ad0 elementor-widget elementor-widget-portfolio-mansory\" data-id=\"3267ad0\" data-element_type=\"widget\" data-e-type=\"widget\" data-widget_type=\"portfolio-mansory.default\">\n\t\t\t\t<div class=\"elementor-widget-container\">\n\t\t\t\t\t\n<div class=\"pt-grid-container\">\n<div class=\"pt-filters 3267ad0\">\n\n <div class=\"filters pt-filter-button-group\">\n        <ul>\n\n          <li class=\"active pt-filter-btn\" data-filter=\"*\">All<\/li>\n                    <li class=\"pt-filter-btn\" data-filter=\".211\">Cataracte<\/li>\n                    <li class=\"pt-filter-btn\" data-filter=\".218\">Corn\u00e9e<\/li>\n                    <li class=\"pt-filter-btn\" data-filter=\".215\">Glaucome<\/li>\n                    <li class=\"pt-filter-btn\" data-filter=\".214\">Laser pour les yeux<\/li>\n                    <li class=\"pt-filter-btn\" data-filter=\".216\">Myopie des enfants<\/li>\n                    <li class=\"pt-filter-btn\" data-filter=\".212\">Paupi\u00e8res<\/li>\n                    <li class=\"pt-filter-btn\" data-filter=\".217\">R\u00e9tine<\/li>\n                    <li class=\"pt-filter-btn\" data-filter=\".213\">Sicca<\/li>\n                  <\/ul>\n    <\/div>\n<\/div>\n  <div class=\"pt-masonry \" data-next_items=\"3\" data-initial_items=\"6\">\n    <div class=\"grid-sizer pt-col-3\"><\/div>\n                <div class=\"pt-masonry-item pt-filter-items  ipt-lg-6 211 \" >\n            <div class=\"pt-portfoliobox pt-style-1\">\n                <a href=\"https:\/\/augenzentrum-vernissage.ch\/fr\/portfolio\/examen-preliminaire-de-la-cataracte\/\">\n\t\t\t\t\n              <div class=\"pt-portfolio-img\">\n                  <img decoding=\"async\"  src=\"https:\/\/augenzentrum-vernissage.ch\/wp-content\/uploads\/2024\/02\/5765827-958x468.jpg\" alt=\"\" \/>                <div class=\"pt-portfolio-icon\"><i class=\"ion ion-plus-round\"><\/i><\/div>\n              <\/div>\n                <\/a>\n\t\t\t\t\t\n\n              <div class=\"pt-portfolio-info\">\n                               <span>Cataracte<\/span>\n                              <h5><a href=\"https:\/\/augenzentrum-vernissage.ch\/fr\/portfolio\/examen-preliminaire-de-la-cataracte\/\">Examen pr\u00e9liminaire de la cataracte<\/a><\/h5>\n              <\/div>\n            <\/div>\n          <\/div>\n\n\n\n                <div class=\"pt-masonry-item pt-filter-items  ipt-lg-3 214 \" >\n            <div class=\"pt-portfoliobox pt-style-1\">\n                <a href=\"https:\/\/augenzentrum-vernissage.ch\/fr\/portfolio\/examen-de-la-vue-au-laser\/\">\n\t\t\t\t\n              <div class=\"pt-portfolio-img\">\n                  <img decoding=\"async\"  src=\"https:\/\/augenzentrum-vernissage.ch\/wp-content\/uploads\/2024\/02\/u3wmdykgsry-467x461.jpg\" alt=\"\" \/>                <div class=\"pt-portfolio-icon\"><i class=\"ion ion-plus-round\"><\/i><\/div>\n              <\/div>\n                <\/a>\n\t\t\t\t\t\n\n              <div class=\"pt-portfolio-info\">\n                               <span>Laser pour les yeux<\/span>\n                              <h5><a href=\"https:\/\/augenzentrum-vernissage.ch\/fr\/portfolio\/examen-de-la-vue-au-laser\/\">Examen pr\u00e9liminaire du laser pour les yeux<\/a><\/h5>\n              <\/div>\n            <\/div>\n          <\/div>\n\n\n\n                <div class=\"pt-masonry-item pt-filter-items  ipt-lg-3 211 \" >\n            <div class=\"pt-portfoliobox pt-style-1\">\n                <a href=\"https:\/\/augenzentrum-vernissage.ch\/fr\/portfolio\/cataracte-laser\/\">\n\t\t\t\t\n              <div class=\"pt-portfolio-img\">\n                  <img decoding=\"async\"  src=\"https:\/\/augenzentrum-vernissage.ch\/wp-content\/uploads\/2024\/01\/cat1-e1741875001517-467x461.jpg\" alt=\"\" \/>                <div class=\"pt-portfolio-icon\"><i class=\"ion ion-plus-round\"><\/i><\/div>\n              <\/div>\n                <\/a>\n\t\t\t\t\t\n\n              <div class=\"pt-portfolio-info\">\n                               <span>Cataracte<\/span>\n                              <h5><a href=\"https:\/\/augenzentrum-vernissage.ch\/fr\/portfolio\/cataracte-laser\/\">Cataracte au laser<\/a><\/h5>\n              <\/div>\n            <\/div>\n          <\/div>\n\n\n\n                <div class=\"pt-masonry-item pt-filter-items  ipt-lg-6 216 \" >\n            <div class=\"pt-portfoliobox pt-style-1\">\n                <a href=\"https:\/\/augenzentrum-vernissage.ch\/fr\/portfolio\/gestion-de-la-myopie\/\">\n\t\t\t\t\n              <div class=\"pt-portfolio-img\">\n                  <img decoding=\"async\"  src=\"https:\/\/augenzentrum-vernissage.ch\/wp-content\/uploads\/2021\/12\/mm2-e1741875763454-958x468.jpg\" alt=\"\" \/>                <div class=\"pt-portfolio-icon\"><i class=\"ion ion-plus-round\"><\/i><\/div>\n              <\/div>\n                <\/a>\n\t\t\t\t\t\n\n              <div class=\"pt-portfolio-info\">\n                               <span>Myopie des enfants<\/span>\n                              <h5><a href=\"https:\/\/augenzentrum-vernissage.ch\/fr\/portfolio\/gestion-de-la-myopie\/\">Gestion de la myopie (pour les enfants)<\/a><\/h5>\n              <\/div>\n            <\/div>\n          <\/div>\n\n\n\n                <div class=\"pt-masonry-item pt-filter-items  ipt-lg-3 211  217 \" >\n            <div class=\"pt-portfoliobox pt-style-1\">\n                <a href=\"https:\/\/augenzentrum-vernissage.ch\/fr\/portfolio\/makula-oct\/\">\n\t\t\t\t\n              <div class=\"pt-portfolio-img\">\n                  <img decoding=\"async\"  src=\"https:\/\/augenzentrum-vernissage.ch\/wp-content\/uploads\/2021\/12\/diagnostik-oct-e1741881337660-467x461.jpg\" alt=\"\" \/>                <div class=\"pt-portfolio-icon\"><i class=\"ion ion-plus-round\"><\/i><\/div>\n              <\/div>\n                <\/a>\n\t\t\t\t\t\n\n              <div class=\"pt-portfolio-info\">\n                               <span>Cataracte<\/span>\n                              <h5><a href=\"https:\/\/augenzentrum-vernissage.ch\/fr\/portfolio\/makula-oct\/\">OCT de la macula<\/a><\/h5>\n              <\/div>\n            <\/div>\n          <\/div>\n\n\n\n                <div class=\"pt-masonry-item pt-filter-items  ipt-lg-3 212 \" >\n            <div class=\"pt-portfoliobox pt-style-1\">\n                <a href=\"https:\/\/augenzentrum-vernissage.ch\/fr\/portfolio\/lidcorrection\/\">\n\t\t\t\t\n              <div class=\"pt-portfolio-img\">\n                  <img decoding=\"async\"  src=\"https:\/\/augenzentrum-vernissage.ch\/wp-content\/uploads\/2024\/02\/7585312-467x461.jpg\" alt=\"\" \/>                <div class=\"pt-portfolio-icon\"><i class=\"ion ion-plus-round\"><\/i><\/div>\n              <\/div>\n                <\/a>\n\t\t\t\t\t\n\n              <div class=\"pt-portfolio-info\">\n                               <span>Paupi\u00e8res<\/span>\n                              <h5><a href=\"https:\/\/augenzentrum-vernissage.ch\/fr\/portfolio\/lidcorrection\/\">Correction des paupi\u00e8res<\/a><\/h5>\n              <\/div>\n            <\/div>\n          <\/div>\n\n\n\n                <div class=\"pt-masonry-item pt-filter-items  ipt-lg-6 213 \" >\n            <div class=\"pt-portfoliobox pt-style-1\">\n                <a href=\"https:\/\/augenzentrum-vernissage.ch\/fr\/portfolio\/yeux-secs-sicca\/\">\n\t\t\t\t\n              <div class=\"pt-portfolio-img\">\n                  <img decoding=\"async\"  src=\"https:\/\/augenzentrum-vernissage.ch\/wp-content\/uploads\/2024\/01\/ipl1-e1741874622539-958x468.jpg\" alt=\"\" \/>                <div class=\"pt-portfolio-icon\"><i class=\"ion ion-plus-round\"><\/i><\/div>\n              <\/div>\n                <\/a>\n\t\t\t\t\t\n\n              <div class=\"pt-portfolio-info\">\n                               <span>Sicca<\/span>\n                              <h5><a href=\"https:\/\/augenzentrum-vernissage.ch\/fr\/portfolio\/yeux-secs-sicca\/\">Sicca (s\u00e9cheresse oculaire)<\/a><\/h5>\n              <\/div>\n            <\/div>\n          <\/div>\n\n\n\n                <div class=\"pt-masonry-item pt-filter-items  ipt-lg-3 215 \" >\n            <div class=\"pt-portfoliobox pt-style-1\">\n                <a href=\"https:\/\/augenzentrum-vernissage.ch\/fr\/portfolio\/examen-du-champ-visuel\/\">\n\t\t\t\t\n              <div class=\"pt-portfolio-img\">\n                  <img decoding=\"async\"  src=\"https:\/\/augenzentrum-vernissage.ch\/wp-content\/uploads\/2024\/02\/4d035ca7-10bf-438a-9bf0-de3c25e8b745-e1741875562562-467x461.jpg\" alt=\"\" \/>                <div class=\"pt-portfolio-icon\"><i class=\"ion ion-plus-round\"><\/i><\/div>\n              <\/div>\n                <\/a>\n\t\t\t\t\t\n\n              <div class=\"pt-portfolio-info\">\n                               <span>Glaucome<\/span>\n                              <h5><a href=\"https:\/\/augenzentrum-vernissage.ch\/fr\/portfolio\/examen-du-champ-visuel\/\">Examen du champ visuel<\/a><\/h5>\n              <\/div>\n            <\/div>\n          <\/div>\n\n\n\n                <div class=\"pt-masonry-item pt-filter-items  ipt-lg-3 218  214 \" >\n            <div class=\"pt-portfoliobox pt-style-1\">\n                <a href=\"https:\/\/augenzentrum-vernissage.ch\/fr\/portfolio\/keratocone\/\">\n\t\t\t\t\n              <div class=\"pt-portfolio-img\">\n                  <img decoding=\"async\"  src=\"https:\/\/augenzentrum-vernissage.ch\/wp-content\/uploads\/2024\/02\/a88e8649-cecb-42d5-90c8-7c384ccc80f9-e1741881125565-467x461.jpg\" alt=\"\" \/>                <div class=\"pt-portfolio-icon\"><i class=\"ion ion-plus-round\"><\/i><\/div>\n              <\/div>\n                <\/a>\n\t\t\t\t\t\n\n              <div class=\"pt-portfolio-info\">\n                               <span>Corn\u00e9e<\/span>\n                              <h5><a href=\"https:\/\/augenzentrum-vernissage.ch\/fr\/portfolio\/keratocone\/\">K\u00e9ratoc\u00f4ne<\/a><\/h5>\n              <\/div>\n            <\/div>\n          <\/div>\n\n\n\n                <div class=\"pt-masonry-item pt-filter-items  ipt-lg-6 215 \" >\n            <div class=\"pt-portfoliobox pt-style-1\">\n                <a href=\"https:\/\/augenzentrum-vernissage.ch\/fr\/portfolio\/oct-du-nerf-optique\/\">\n\t\t\t\t\n              <div class=\"pt-portfolio-img\">\n                  <img decoding=\"async\"  src=\"https:\/\/augenzentrum-vernissage.ch\/wp-content\/uploads\/2024\/02\/68f3189a-a63d-4181-8fba-0e5061c1a238-e1741880940728-958x468.png\" alt=\"\" \/>                <div class=\"pt-portfolio-icon\"><i class=\"ion ion-plus-round\"><\/i><\/div>\n              <\/div>\n                <\/a>\n\t\t\t\t\t\n\n              <div class=\"pt-portfolio-info\">\n                               <span>Glaucome<\/span>\n                              <h5><a href=\"https:\/\/augenzentrum-vernissage.ch\/fr\/portfolio\/oct-du-nerf-optique\/\">Nerf optique OCT<\/a><\/h5>\n              <\/div>\n            <\/div>\n          <\/div>\n\n\n\n            <\/div>\n  <\/div>\n\n\n   <div class=\"pt-btn-load-container text-center\">\n   <a id=\"showMore\" class=\"pt-button\" href=\"#\">\n      <div class=\"pt-button-block\">\n\n         <span  class=\"pt-button-text\">Voir plus<\/span>\n          <i class=\"ion ion-plus-round\"><\/i>\n      <\/div>\n   <\/a>\n<\/div>\n\n\n\t\t\t\t<\/div>\n\t\t\t\t<\/div>\n\t\t\t\t\t<\/div>\n\t\t<\/div>\n\t\t\t\t\t<\/div>\n\t\t<\/div>\n\t\t\t\t\t<\/div>\n\t\t<\/div>\n\t\t\t\t\t<\/div>\n\t\t<\/div>\n\t\t\t\t<div class=\"elementor-section elementor-top-section elementor-element elementor-element-f64b3a6 elementor-section-stretched elementor-section-boxed elementor-section-height-default elementor-section-height-default\" data-id=\"f64b3a6\" data-element_type=\"section\" data-e-type=\"section\" data-settings=\"{&quot;stretch_section&quot;:&quot;section-stretched&quot;,&quot;background_background&quot;:&quot;classic&quot;}\">\n\t\t\t\t\t\t<div class=\"elementor-container elementor-column-gap-default\">\n\t\t\t\t\t<div class=\"elementor-column elementor-col-100 elementor-top-column elementor-element elementor-element-37f1d39\" data-id=\"37f1d39\" data-element_type=\"column\" data-e-type=\"column\">\n\t\t\t<div class=\"elementor-widget-wrap elementor-element-populated\">\n\t\t\t\t\t\t<div class=\"elementor-section elementor-inner-section elementor-element elementor-element-51deaf2 elementor-section-boxed elementor-section-height-default elementor-section-height-default\" data-id=\"51deaf2\" data-element_type=\"section\" data-e-type=\"section\">\n\t\t\t\t\t\t<div class=\"elementor-container elementor-column-gap-default\">\n\t\t\t\t\t<div class=\"elementor-column elementor-col-100 elementor-inner-column elementor-element elementor-element-5929a27\" data-id=\"5929a27\" data-element_type=\"column\" data-e-type=\"column\">\n\t\t\t<div class=\"elementor-widget-wrap elementor-element-populated\">\n\t\t\t\t\t\t<div class=\"elementor-element elementor-element-36447a7 elementor-widget elementor-widget-section-title\" data-id=\"36447a7\" data-element_type=\"widget\" data-e-type=\"widget\" data-widget_type=\"section-title.default\">\n\t\t\t\t<div class=\"elementor-widget-container\">\n\t\t\t\t\t<div class=\"pt-section pt-style-1 text-center\">\n\t\t\n   \t\t   \t\t\t   <h3 class=\"pt-section-title\" >Contactez-nous d\u00e8s maintenant. Choisissez votre date<\/h3>\n\t\t\t\n<\/div>\t\t\t\t<\/div>\n\t\t\t\t<\/div>\n\t\t\t\t\t<\/div>\n\t\t<\/div>\n\t\t\t\t\t<\/div>\n\t\t<\/div>\n\t\t\t\t<div class=\"elementor-section elementor-inner-section elementor-element elementor-element-5634d07 elementor-section-boxed elementor-section-height-default elementor-section-height-default\" data-id=\"5634d07\" data-element_type=\"section\" data-e-type=\"section\" data-settings=\"{&quot;background_background&quot;:&quot;classic&quot;}\">\n\t\t\t\t\t\t<div class=\"elementor-container elementor-column-gap-default\">\n\t\t\t\t\t<div class=\"elementor-column elementor-col-100 elementor-inner-column elementor-element elementor-element-76af442\" data-id=\"76af442\" data-element_type=\"column\" data-e-type=\"column\">\n\t\t\t<div class=\"elementor-widget-wrap elementor-element-populated\">\n\t\t\t\t\t\t<div class=\"elementor-element elementor-element-6bfa8e9 elementor-button-success elementor-align-center elementor-widget elementor-widget-button\" data-id=\"6bfa8e9\" data-element_type=\"widget\" data-e-type=\"widget\" data-widget_type=\"button.default\">\n\t\t\t\t<div class=\"elementor-widget-container\">\n\t\t\t\t\t\t\t\t\t<div class=\"elementor-button-wrapper\">\n\t\t\t\t\t<a class=\"elementor-button elementor-button-link elementor-size-xl\" href=\"https:\/\/augenzentrum-vernissage.ch\/fr\/reserver-un-rendez-vous\/\">\n\t\t\t\t\t\t<span class=\"elementor-button-content-wrapper\">\n\t\t\t\t\t\t<span class=\"elementor-button-icon\">\n\t\t\t\t<svg aria-hidden=\"true\" class=\"e-font-icon-svg e-far-calendar-alt\" viewBox=\"0 0 448 512\" xmlns=\"http:\/\/www.w3.org\/2000\/svg\"><path d=\"M148 288h-40c-6.6 0-12-5.4-12-12v-40c0-6.6 5.4-12 12-12h40c6.6 0 12 5.4 12 12v40c0 6.6-5.4 12-12 12zm108-12v-40c0-6.6-5.4-12-12-12h-40c-6.6 0-12 5.4-12 12v40c0 6.6 5.4 12 12 12h40c6.6 0 12-5.4 12-12zm96 0v-40c0-6.6-5.4-12-12-12h-40c-6.6 0-12 5.4-12 12v40c0 6.6 5.4 12 12 12h40c6.6 0 12-5.4 12-12zm-96 96v-40c0-6.6-5.4-12-12-12h-40c-6.6 0-12 5.4-12 12v40c0 6.6 5.4 12 12 12h40c6.6 0 12-5.4 12-12zm-96 0v-40c0-6.6-5.4-12-12-12h-40c-6.6 0-12 5.4-12 12v40c0 6.6 5.4 12 12 12h40c6.6 0 12-5.4 12-12zm192 0v-40c0-6.6-5.4-12-12-12h-40c-6.6 0-12 5.4-12 12v40c0 6.6 5.4 12 12 12h40c6.6 0 12-5.4 12-12zm96-260v352c0 26.5-21.5 48-48 48H48c-26.5 0-48-21.5-48-48V112c0-26.5 21.5-48 48-48h48V12c0-6.6 5.4-12 12-12h40c6.6 0 12 5.4 12 12v52h128V12c0-6.6 5.4-12 12-12h40c6.6 0 12 5.4 12 12v52h48c26.5 0 48 21.5 48 48zm-48 346V160H48v298c0 3.3 2.7 6 6 6h340c3.3 0 6-2.7 6-6z\"><\/path><\/svg>\t\t\t<\/span>\n\t\t\t\t\t\t\t\t\t<span class=\"elementor-button-text\">R\u00c9SERVER UN RENDEZ-VOUS EN LIGNE<\/span>\n\t\t\t\t\t<\/span>\n\t\t\t\t\t<\/a>\n\t\t\t\t<\/div>\n\t\t\t\t\t\t\t\t<\/div>\n\t\t\t\t<\/div>\n\t\t\t\t\t<\/div>\n\t\t<\/div>\n\t\t\t\t\t<\/div>\n\t\t<\/div>\n\t\t\t\t\t<\/div>\n\t\t<\/div>\n\t\t\t\t\t<\/div>\n\t\t<\/div>\n\t\t\t\t<\/div>\n\t\t","protected":false},"excerpt":{"rendered":"<p>Heures de consultation D\u00e9couvrez les consultations et les m\u00e9thodes de traitement de la Clinique ophtalmologique de Bienne All Augenlaser Glaukom (Gr\u00fcner Star) Hornhaut Katarakt (Grauer Star) Kinder Myopie Lider Netzhaut Sicca Katarakt (Grauer Star) Katarakt Voruntersuchung Augenlaser Augenlaser Voruntersuchung Katarakt (Grauer Star) Laser Katarakt Kinder Myopie Myopie Management (f\u00fcr Kinder) Katarakt (Grauer Star) Makula OCT [&hellip;]<\/p>\n","protected":false},"author":1,"featured_media":0,"parent":0,"menu_order":21,"comment_status":"closed","ping_status":"closed","template":"","meta":{"_acf_changed":false,"_monsterinsights_skip_tracking":false,"_monsterinsights_sitenote_active":false,"_monsterinsights_sitenote_note":"","_monsterinsights_sitenote_category":0,"footnotes":""},"class_list":["post-36241","page","type-page","status-publish","hentry"],"acf":[],"aioseo_notices":[],"_links":{"self":[{"href":"https:\/\/augenzentrum-vernissage.ch\/fr\/wp-json\/wp\/v2\/pages\/36241","targetHints":{"allow":["GET"]}}],"collection":[{"href":"https:\/\/augenzentrum-vernissage.ch\/fr\/wp-json\/wp\/v2\/pages"}],"about":[{"href":"https:\/\/augenzentrum-vernissage.ch\/fr\/wp-json\/wp\/v2\/types\/page"}],"author":[{"embeddable":true,"href":"https:\/\/augenzentrum-vernissage.ch\/fr\/wp-json\/wp\/v2\/users\/1"}],"replies":[{"embeddable":true,"href":"https:\/\/augenzentrum-vernissage.ch\/fr\/wp-json\/wp\/v2\/comments?post=36241"}],"version-history":[{"count":2,"href":"https:\/\/augenzentrum-vernissage.ch\/fr\/wp-json\/wp\/v2\/pages\/36241\/revisions"}],"predecessor-version":[{"id":38257,"href":"https:\/\/augenzentrum-vernissage.ch\/fr\/wp-json\/wp\/v2\/pages\/36241\/revisions\/38257"}],"wp:attachment":[{"href":"https:\/\/augenzentrum-vernissage.ch\/fr\/wp-json\/wp\/v2\/media?parent=36241"}],"curies":[{"name":"wp","href":"https:\/\/api.w.org\/{rel}","templated":true}]}}