{"id":38749,"date":"2026-01-12T22:05:16","date_gmt":"2026-01-12T21:05:16","guid":{"rendered":"https:\/\/augenzentrum-vernissage.ch\/?page_id=38749"},"modified":"2026-01-12T22:06:44","modified_gmt":"2026-01-12T21:06:44","slug":"assistante-medicale-mpa","status":"publish","type":"page","link":"https:\/\/augenzentrum-vernissage.ch\/fr\/assistante-medicale-mpa\/","title":{"rendered":"Assistant(e) m\u00e9dical(e) (MPA)"},"content":{"rendered":"\t\t<div data-elementor-type=\"wp-page\" data-elementor-id=\"38749\" class=\"elementor elementor-38749 elementor-38748\" data-elementor-post-type=\"page\">\n\t\t\t\t\t\t<div class=\"elementor-section elementor-top-section elementor-element elementor-element-883de75 elementor-section-full_width elementor-section-stretched elementor-section-height-default elementor-section-height-default\" data-id=\"883de75\" data-element_type=\"section\" data-e-type=\"section\" data-settings=\"{&quot;stretch_section&quot;:&quot;section-stretched&quot;}\">\n\t\t\t\t\t\t<div class=\"elementor-container elementor-column-gap-default\">\n\t\t\t\t\t<div class=\"elementor-column elementor-col-100 elementor-top-column elementor-element elementor-element-ac3596c\" data-id=\"ac3596c\" data-element_type=\"column\" data-e-type=\"column\">\n\t\t\t<div class=\"elementor-widget-wrap elementor-element-populated\">\n\t\t\t\t\t\t<div class=\"elementor-section elementor-inner-section elementor-element elementor-element-619a301 elementor-section-boxed elementor-section-height-default elementor-section-height-default\" data-id=\"619a301\" data-element_type=\"section\" data-e-type=\"section\">\n\t\t\t\t\t\t<div class=\"elementor-container elementor-column-gap-default\">\n\t\t\t\t\t<div class=\"elementor-column elementor-col-100 elementor-inner-column elementor-element elementor-element-9dba143\" data-id=\"9dba143\" data-element_type=\"column\" data-e-type=\"column\">\n\t\t\t<div class=\"elementor-widget-wrap elementor-element-populated\">\n\t\t\t\t\t\t<div class=\"elementor-element elementor-element-c5d2a13 elementor-widget elementor-widget-section-title\" data-id=\"c5d2a13\" data-element_type=\"widget\" data-e-type=\"widget\" data-widget_type=\"section-title.default\">\n\t\t\t\t<div class=\"elementor-widget-container\">\n\t\t\t\t\t<div class=\"pt-section pt-style-1 text-center\">\n\t\t\n   \t\t \n   \t\t<span class=\"pt-section-sub-title\">Postes \u00e0 pourvoir<\/span>\n   \t   \t\t\t\t\n<\/div>\t\t\t\t<\/div>\n\t\t\t\t<\/div>\n\t\t\t\t\t<\/div>\n\t\t<\/div>\n\t\t\t\t\t<\/div>\n\t\t<\/div>\n\t\t\t\t\t<\/div>\n\t\t<\/div>\n\t\t\t\t\t<\/div>\n\t\t<\/div>\n\t\t\t\t<div class=\"elementor-section elementor-top-section elementor-element elementor-element-aa38ce5 elementor-section-full_width elementor-section-stretched elementor-section-height-default elementor-section-height-default\" data-id=\"aa38ce5\" data-element_type=\"section\" data-e-type=\"section\" data-settings=\"{&quot;stretch_section&quot;:&quot;section-stretched&quot;}\">\n\t\t\t\t\t\t<div class=\"elementor-container elementor-column-gap-default\">\n\t\t\t\t\t<div class=\"elementor-column elementor-col-100 elementor-top-column elementor-element elementor-element-593f5d6\" data-id=\"593f5d6\" data-element_type=\"column\" data-e-type=\"column\">\n\t\t\t<div class=\"elementor-widget-wrap elementor-element-populated\">\n\t\t\t\t\t\t<div class=\"elementor-section elementor-inner-section elementor-element elementor-element-1cd6b1d elementor-section-boxed elementor-section-height-default elementor-section-height-default\" data-id=\"1cd6b1d\" data-element_type=\"section\" data-e-type=\"section\">\n\t\t\t\t\t\t<div class=\"elementor-container elementor-column-gap-default\">\n\t\t\t\t\t<div class=\"elementor-column elementor-col-100 elementor-inner-column elementor-element elementor-element-58ab9c3\" data-id=\"58ab9c3\" data-element_type=\"column\" data-e-type=\"column\">\n\t\t\t<div class=\"elementor-widget-wrap elementor-element-populated\">\n\t\t\t\t\t\t<div class=\"elementor-element elementor-element-503a062 elementor-widget elementor-widget-heading\" data-id=\"503a062\" data-element_type=\"widget\" data-e-type=\"widget\" data-widget_type=\"heading.default\">\n\t\t\t\t<div class=\"elementor-widget-container\">\n\t\t\t\t\t<h2 class=\"elementor-heading-title elementor-size-default\">Assistante m\u00e9dicale<\/h2>\t\t\t\t<\/div>\n\t\t\t\t<\/div>\n\t\t\t\t<div class=\"elementor-element elementor-element-5d8e96a elementor-widget elementor-widget-text-editor\" data-id=\"5d8e96a\" data-element_type=\"widget\" data-e-type=\"widget\" data-widget_type=\"text-editor.default\">\n\t\t\t\t<div class=\"elementor-widget-container\">\n\t\t\t\t\t\t\t\t\t<p class=\"western\">Bienvenue dans notre tout nouveau cabinet d&#8217;ophtalmologie situ\u00e9 directement \u00e0 la gare de Biel\/Bienne ! A partir de mai 2024 ou \u00e0 convenir, nous recherchons un soutien actif \u00e0 hauteur de 60% \u00e0 100%. <\/p>\n<p class=\"western\">Si vous avez au moins 3 ans d&#8217;exp\u00e9rience et que vous \u00eates une personne chaleureuse qui aime entrer en contact avec des personnes de tous \u00e2ges, alors vous \u00eates parfait pour nous !<\/p>\n<p class=\"western\">Tu es \u00e0 l&#8217;aise dans un environnement anim\u00e9, tu gardes toujours une vue d&#8217;ensemble, tu sais te servir d&#8217;un ordinateur et tu es flexible et r\u00e9sistant au stress. Id\u00e9alement, vous avez d\u00e9j\u00e0 acquis de l&#8217;exp\u00e9rience dans un cabinet d&#8217;ophtalmologie. Tes t\u00e2ches chez nous comprennent entre autres l&#8217;accueil t\u00e9l\u00e9phonique aimable avec triage, l&#8217;organisation des rendez-vous, la pr\u00e9paration des consultations, l&#8217;accueil des patients, la r\u00e9alisation d&#8217;examens pr\u00e9liminaires, la num\u00e9risation des dossiers m\u00e9dicaux et l&#8217;administration g\u00e9n\u00e9rale du cabinet.  <\/p>\n<p class=\"western\">Nous vous offrons une \u00e9quipe motiv\u00e9e dans un cabinet moderne. Notre \u00e9quipement moderne avec une infrastructure informatique avanc\u00e9e, y compris les dossiers m\u00e9dicaux \u00e9lectroniques, est \u00e0 ta disposition. <\/p>\n<p class=\"western\">Des conditions d&#8217;emploi attrayantes ainsi que des possibilit\u00e9s de formation continue sont pour nous une \u00e9vidence. Si vous avez l&#8217;ambition d&#8217;\u00e9voluer vers le poste de responsable de cabinet, cela sera particuli\u00e8rement appr\u00e9ci\u00e9. <\/p>\n<p class=\"western\"><b>L&#8217;allemand ET le fran\u00e7ais sont indispensables.<\/b><\/p>\n<p class=\"western\">Vous vous sentez concern\u00e9(e) ? Alors envoie-nous ta candidature avec ton CV, ta photo, tes dipl\u00f4mes et tes certificats \u00e0 <b>contact[et]augenzentrum-vernissage.ch<\/b> <\/p>\n<p class=\"western\">Nous sommes impatients de vous rencontrer !<\/p>\t\t\t\t\t\t\t\t<\/div>\n\t\t\t\t<\/div>\n\t\t\t\t\t<\/div>\n\t\t<\/div>\n\t\t\t\t\t<\/div>\n\t\t<\/div>\n\t\t\t\t\t<\/div>\n\t\t<\/div>\n\t\t\t\t\t<\/div>\n\t\t<\/div>\n\t\t\t\t<\/div>\n\t\t","protected":false},"excerpt":{"rendered":"<p>Postes \u00e0 pourvoir Assistante m\u00e9dicale Bienvenue dans notre tout nouveau cabinet d&#8217;ophtalmologie situ\u00e9 directement \u00e0 la gare de Biel\/Bienne ! A partir de mai 2024 ou \u00e0 convenir, nous recherchons un soutien actif \u00e0 hauteur de 60% \u00e0 100%. Si vous avez au moins 3 ans d&#8217;exp\u00e9rience et que vous \u00eates une personne chaleureuse qui [&hellip;]<\/p>\n","protected":false},"author":1,"featured_media":0,"parent":0,"menu_order":25,"comment_status":"closed","ping_status":"closed","template":"","meta":{"_acf_changed":false,"_monsterinsights_skip_tracking":false,"_monsterinsights_sitenote_active":false,"_monsterinsights_sitenote_note":"","_monsterinsights_sitenote_category":0,"footnotes":""},"class_list":["post-38749","page","type-page","status-publish","hentry"],"acf":[],"aioseo_notices":[],"_links":{"self":[{"href":"https:\/\/augenzentrum-vernissage.ch\/fr\/wp-json\/wp\/v2\/pages\/38749","targetHints":{"allow":["GET"]}}],"collection":[{"href":"https:\/\/augenzentrum-vernissage.ch\/fr\/wp-json\/wp\/v2\/pages"}],"about":[{"href":"https:\/\/augenzentrum-vernissage.ch\/fr\/wp-json\/wp\/v2\/types\/page"}],"author":[{"embeddable":true,"href":"https:\/\/augenzentrum-vernissage.ch\/fr\/wp-json\/wp\/v2\/users\/1"}],"replies":[{"embeddable":true,"href":"https:\/\/augenzentrum-vernissage.ch\/fr\/wp-json\/wp\/v2\/comments?post=38749"}],"version-history":[{"count":2,"href":"https:\/\/augenzentrum-vernissage.ch\/fr\/wp-json\/wp\/v2\/pages\/38749\/revisions"}],"predecessor-version":[{"id":38752,"href":"https:\/\/augenzentrum-vernissage.ch\/fr\/wp-json\/wp\/v2\/pages\/38749\/revisions\/38752"}],"wp:attachment":[{"href":"https:\/\/augenzentrum-vernissage.ch\/fr\/wp-json\/wp\/v2\/media?parent=38749"}],"curies":[{"name":"wp","href":"https:\/\/api.w.org\/{rel}","templated":true}]}}